{"id":39,"date":"2022-11-17T10:06:09","date_gmt":"2022-11-17T08:06:09","guid":{"rendered":"https:\/\/dev.bullerjanid.ee\/?post_type=product&#038;p=39"},"modified":"2024-09-15T13:42:51","modified_gmt":"2024-09-15T10:42:51","slug":"bullerjan-tuupi-ahi-v200","status":"publish","type":"product","link":"https:\/\/bullerjanid.ee\/fi\/product\/bullerjan-tuupi-ahi-v200\/","title":{"rendered":"Bullerjan t\u00fc\u00fcpi ahi V200"},"content":{"rendered":"<hr \/>\n<p>Maksimaalne k\u00f6etav ruumala 200 m3<br \/>\nMaksimaalne v\u00f5imsus \u2013 12 kW<br \/>\nTorude kogus \u2013 7 toru, 76 x 4 mm<\/p>\n<hr \/>","protected":false},"excerpt":{"rendered":"<li>Ahju k\u00f5rgus &#8211; 940mm<\/li>\n<li>Ahju laius &#8211; 650mm<\/li>\n<li>Ahju s\u00fcgavus &#8211; 960mm<\/li>\n<li>Maksimaalne k\u00f6etava pinna ruumala &#8211; 200m3<\/li>\n<li>Maksimaalne v\u00f5imsus &#8211; 12kW<\/li>\n<li>Ahju kaal &#8211; 100kg<\/li>\n<li>Torude kogus, l\u00e4bim\u00f5\u00f5t ja toruseina paksus &#8211; 7 toru, l\u00e4bim\u00f5\u00f5t 76mm x 4mm<\/li>\n<li>Ukseava l\u00e4bim\u00f5\u00f5t &#8211; 280 mm<\/li>\n<li>P\u00f5lemiskambrite vahelae paksus &#8211; 5mm<\/li>\n<li>Suitsutoru l\u00e4bim\u00f5\u00f5t &#8211; 120mm<\/li>\n<li>Suitsutoru alumise serva k\u00f5rgus maast &#8211; 640mm<\/li>\n<li>K\u00fcttematerjali maksimaalne pikkus &#8211; 480mm<\/li>\n<p>&nbsp;<br \/>\n&nbsp; <\/p>","protected":false},"featured_media":30,"template":"","meta":[],"product_brand":[],"product_cat":[16],"product_tag":[],"class_list":{"0":"post-39","1":"product","2":"type-product","3":"status-publish","4":"has-post-thumbnail","6":"product_cat-bullerjan-tuupi-ahjud","8":"first","9":"outofstock","10":"taxable","11":"shipping-taxable","12":"purchasable","13":"product-type-simple"},"yoast_head":"<!-- This site is optimized with the Yoast SEO plugin v27.5 - https:\/\/yoast.com\/product\/yoast-seo-wordpress\/ -->\n<title>Bullerjan t\u00fc\u00fcpi ahi V200 - Bullerjanid.ee<\/title>\n<meta name=\"description\" content=\"Bullerjan t\u00fc\u00fcpi ahi, mis k\u00fctab ruumala kuni 200 m3. Torude kogus, l\u00e4bim\u00f5\u00f5t ja toruseina paksus - 7 toru, l\u00e4bim\u00f5\u00f5t 76mm x 4mm. V\u00f5imsus \u2013 12 kW.\" \/>\n<meta name=\"robots\" content=\"index, follow, max-snippet:-1, max-image-preview:large, max-video-preview:-1\" \/>\n<link rel=\"canonical\" href=\"https:\/\/bullerjanid.ee\/fi\/product\/bullerjan-tuupi-ahi-v200\/\" \/>\n<meta property=\"og:locale\" content=\"fi_FI\" \/>\n<meta property=\"og:type\" content=\"article\" \/>\n<meta property=\"og:title\" content=\"Bullerjan t\u00fc\u00fcpi ahi V200 - Bullerjanid.ee\" \/>\n<meta property=\"og:description\" content=\"Bullerjan t\u00fc\u00fcpi ahi, mis k\u00fctab ruumala kuni 200 m3. Torude kogus, l\u00e4bim\u00f5\u00f5t ja toruseina paksus - 7 toru, l\u00e4bim\u00f5\u00f5t 76mm x 4mm. V\u00f5imsus \u2013 12 kW.\" \/>\n<meta property=\"og:url\" content=\"https:\/\/bullerjanid.ee\/fi\/product\/bullerjan-tuupi-ahi-v200\/\" \/>\n<meta property=\"og:site_name\" content=\"Bullerjanid.ee\" \/>\n<meta property=\"article:modified_time\" content=\"2024-09-15T10:42:51+00:00\" \/>\n<meta property=\"og:image\" content=\"https:\/\/bullerjanid.ee\/wp-content\/uploads\/2022\/11\/V200L.png\" \/>\n\t<meta property=\"og:image:width\" content=\"550\" \/>\n\t<meta property=\"og:image:height\" content=\"550\" \/>\n\t<meta property=\"og:image:type\" content=\"image\/png\" \/>\n<meta name=\"twitter:card\" content=\"summary_large_image\" \/>\n<meta name=\"twitter:label1\" content=\"Arvioitu lukuaika\" \/>\n\t<meta name=\"twitter:data1\" content=\"1 minuutti\" \/>\n<script type=\"application\/ld+json\" class=\"yoast-schema-graph\">{\"@context\":\"https:\\\/\\\/schema.org\",\"@graph\":[{\"@type\":\"WebPage\",\"@id\":\"https:\\\/\\\/bullerjanid.ee\\\/product\\\/bullerjan-tuupi-ahi-v200\\\/\",\"url\":\"https:\\\/\\\/bullerjanid.ee\\\/product\\\/bullerjan-tuupi-ahi-v200\\\/\",\"name\":\"Bullerjan t\u00fc\u00fcpi ahi V200 - Bullerjanid.ee\",\"isPartOf\":{\"@id\":\"https:\\\/\\\/bullerjanid.ee\\\/#website\"},\"primaryImageOfPage\":{\"@id\":\"https:\\\/\\\/bullerjanid.ee\\\/product\\\/bullerjan-tuupi-ahi-v200\\\/#primaryimage\"},\"image\":{\"@id\":\"https:\\\/\\\/bullerjanid.ee\\\/product\\\/bullerjan-tuupi-ahi-v200\\\/#primaryimage\"},\"thumbnailUrl\":\"https:\\\/\\\/bullerjanid.ee\\\/wp-content\\\/uploads\\\/2022\\\/11\\\/V200L.png\",\"datePublished\":\"2022-11-17T08:06:09+00:00\",\"dateModified\":\"2024-09-15T10:42:51+00:00\",\"description\":\"Bullerjan t\u00fc\u00fcpi ahi, mis k\u00fctab ruumala kuni 200 m3. Torude kogus, l\u00e4bim\u00f5\u00f5t ja toruseina paksus - 7 toru, l\u00e4bim\u00f5\u00f5t 76mm x 4mm. V\u00f5imsus \u2013 12 kW.\",\"breadcrumb\":{\"@id\":\"https:\\\/\\\/bullerjanid.ee\\\/product\\\/bullerjan-tuupi-ahi-v200\\\/#breadcrumb\"},\"inLanguage\":\"fi\",\"potentialAction\":[{\"@type\":\"ReadAction\",\"target\":[\"https:\\\/\\\/bullerjanid.ee\\\/product\\\/bullerjan-tuupi-ahi-v200\\\/\"]}]},{\"@type\":\"ImageObject\",\"inLanguage\":\"fi\",\"@id\":\"https:\\\/\\\/bullerjanid.ee\\\/product\\\/bullerjan-tuupi-ahi-v200\\\/#primaryimage\",\"url\":\"https:\\\/\\\/bullerjanid.ee\\\/wp-content\\\/uploads\\\/2022\\\/11\\\/V200L.png\",\"contentUrl\":\"https:\\\/\\\/bullerjanid.ee\\\/wp-content\\\/uploads\\\/2022\\\/11\\\/V200L.png\",\"width\":550,\"height\":550},{\"@type\":\"BreadcrumbList\",\"@id\":\"https:\\\/\\\/bullerjanid.ee\\\/product\\\/bullerjan-tuupi-ahi-v200\\\/#breadcrumb\",\"itemListElement\":[{\"@type\":\"ListItem\",\"position\":1,\"name\":\"Home\",\"item\":\"https:\\\/\\\/bullerjanid.ee\\\/\"},{\"@type\":\"ListItem\",\"position\":2,\"name\":\"Bullerjan t\u00fc\u00fcpi ahjud\",\"item\":\"https:\\\/\\\/bullerjanid.ee\\\/\"},{\"@type\":\"ListItem\",\"position\":3,\"name\":\"Bullerjan t\u00fc\u00fcpi ahi V200\"}]},{\"@type\":\"WebSite\",\"@id\":\"https:\\\/\\\/bullerjanid.ee\\\/#website\",\"url\":\"https:\\\/\\\/bullerjanid.ee\\\/\",\"name\":\"Bullerjanid.ee - Bullerjan ja bulder t\u00fc\u00fcpi ahjud\",\"description\":\"Bullerjan t\u00fc\u00fcpi ahjude m\u00fc\u00fck\",\"potentialAction\":[{\"@type\":\"SearchAction\",\"target\":{\"@type\":\"EntryPoint\",\"urlTemplate\":\"https:\\\/\\\/bullerjanid.ee\\\/?s={search_term_string}\"},\"query-input\":{\"@type\":\"PropertyValueSpecification\",\"valueRequired\":true,\"valueName\":\"search_term_string\"}}],\"inLanguage\":\"fi\"}]}<\/script>\n<!-- \/ Yoast SEO plugin. -->","yoast_head_json":{"title":"Bullerjan t\u00fc\u00fcpi ahi V200 - Bullerjanid.ee","description":"Bullerjan t\u00fc\u00fcpi ahi, mis k\u00fctab ruumala kuni 200 m3. Torude kogus, l\u00e4bim\u00f5\u00f5t ja toruseina paksus - 7 toru, l\u00e4bim\u00f5\u00f5t 76mm x 4mm. V\u00f5imsus \u2013 12 kW.","robots":{"index":"index","follow":"follow","max-snippet":"max-snippet:-1","max-image-preview":"max-image-preview:large","max-video-preview":"max-video-preview:-1"},"canonical":"https:\/\/bullerjanid.ee\/fi\/product\/bullerjan-tuupi-ahi-v200\/","og_locale":"fi_FI","og_type":"article","og_title":"Bullerjan t\u00fc\u00fcpi ahi V200 - Bullerjanid.ee","og_description":"Bullerjan t\u00fc\u00fcpi ahi, mis k\u00fctab ruumala kuni 200 m3. Torude kogus, l\u00e4bim\u00f5\u00f5t ja toruseina paksus - 7 toru, l\u00e4bim\u00f5\u00f5t 76mm x 4mm. V\u00f5imsus \u2013 12 kW.","og_url":"https:\/\/bullerjanid.ee\/fi\/product\/bullerjan-tuupi-ahi-v200\/","og_site_name":"Bullerjanid.ee","article_modified_time":"2024-09-15T10:42:51+00:00","og_image":[{"width":550,"height":550,"url":"https:\/\/bullerjanid.ee\/wp-content\/uploads\/2022\/11\/V200L.png","type":"image\/png"}],"twitter_card":"summary_large_image","twitter_misc":{"Arvioitu lukuaika":"1 minuutti"},"schema":{"@context":"https:\/\/schema.org","@graph":[{"@type":"WebPage","@id":"https:\/\/bullerjanid.ee\/product\/bullerjan-tuupi-ahi-v200\/","url":"https:\/\/bullerjanid.ee\/product\/bullerjan-tuupi-ahi-v200\/","name":"Bullerjan t\u00fc\u00fcpi ahi V200 - Bullerjanid.ee","isPartOf":{"@id":"https:\/\/bullerjanid.ee\/#website"},"primaryImageOfPage":{"@id":"https:\/\/bullerjanid.ee\/product\/bullerjan-tuupi-ahi-v200\/#primaryimage"},"image":{"@id":"https:\/\/bullerjanid.ee\/product\/bullerjan-tuupi-ahi-v200\/#primaryimage"},"thumbnailUrl":"https:\/\/bullerjanid.ee\/wp-content\/uploads\/2022\/11\/V200L.png","datePublished":"2022-11-17T08:06:09+00:00","dateModified":"2024-09-15T10:42:51+00:00","description":"Bullerjan t\u00fc\u00fcpi ahi, mis k\u00fctab ruumala kuni 200 m3. Torude kogus, l\u00e4bim\u00f5\u00f5t ja toruseina paksus - 7 toru, l\u00e4bim\u00f5\u00f5t 76mm x 4mm. V\u00f5imsus \u2013 12 kW.","breadcrumb":{"@id":"https:\/\/bullerjanid.ee\/product\/bullerjan-tuupi-ahi-v200\/#breadcrumb"},"inLanguage":"fi","potentialAction":[{"@type":"ReadAction","target":["https:\/\/bullerjanid.ee\/product\/bullerjan-tuupi-ahi-v200\/"]}]},{"@type":"ImageObject","inLanguage":"fi","@id":"https:\/\/bullerjanid.ee\/product\/bullerjan-tuupi-ahi-v200\/#primaryimage","url":"https:\/\/bullerjanid.ee\/wp-content\/uploads\/2022\/11\/V200L.png","contentUrl":"https:\/\/bullerjanid.ee\/wp-content\/uploads\/2022\/11\/V200L.png","width":550,"height":550},{"@type":"BreadcrumbList","@id":"https:\/\/bullerjanid.ee\/product\/bullerjan-tuupi-ahi-v200\/#breadcrumb","itemListElement":[{"@type":"ListItem","position":1,"name":"Home","item":"https:\/\/bullerjanid.ee\/"},{"@type":"ListItem","position":2,"name":"Bullerjan t\u00fc\u00fcpi ahjud","item":"https:\/\/bullerjanid.ee\/"},{"@type":"ListItem","position":3,"name":"Bullerjan t\u00fc\u00fcpi ahi V200"}]},{"@type":"WebSite","@id":"https:\/\/bullerjanid.ee\/#website","url":"https:\/\/bullerjanid.ee\/","name":"Bullerjanid.ee - Bullerjan ja bulder t\u00fc\u00fcpi ahjud","description":"Bullerjan t\u00fc\u00fcpi ahjude m\u00fc\u00fck","potentialAction":[{"@type":"SearchAction","target":{"@type":"EntryPoint","urlTemplate":"https:\/\/bullerjanid.ee\/?s={search_term_string}"},"query-input":{"@type":"PropertyValueSpecification","valueRequired":true,"valueName":"search_term_string"}}],"inLanguage":"fi"}]}},"jetpack_sharing_enabled":true,"_links":{"self":[{"href":"https:\/\/bullerjanid.ee\/fi\/wp-json\/wp\/v2\/product\/39","targetHints":{"allow":["GET"]}}],"collection":[{"href":"https:\/\/bullerjanid.ee\/fi\/wp-json\/wp\/v2\/product"}],"about":[{"href":"https:\/\/bullerjanid.ee\/fi\/wp-json\/wp\/v2\/types\/product"}],"wp:featuredmedia":[{"embeddable":true,"href":"https:\/\/bullerjanid.ee\/fi\/wp-json\/wp\/v2\/media\/30"}],"wp:attachment":[{"href":"https:\/\/bullerjanid.ee\/fi\/wp-json\/wp\/v2\/media?parent=39"}],"wp:term":[{"taxonomy":"product_brand","embeddable":true,"href":"https:\/\/bullerjanid.ee\/fi\/wp-json\/wp\/v2\/product_brand?post=39"},{"taxonomy":"product_cat","embeddable":true,"href":"https:\/\/bullerjanid.ee\/fi\/wp-json\/wp\/v2\/product_cat?post=39"},{"taxonomy":"product_tag","embeddable":true,"href":"https:\/\/bullerjanid.ee\/fi\/wp-json\/wp\/v2\/product_tag?post=39"}],"curies":[{"name":"wp","href":"https:\/\/api.w.org\/{rel}","templated":true}]}}