{"id":950,"date":"2023-08-10T16:41:52","date_gmt":"2023-08-10T13:41:52","guid":{"rendered":"https:\/\/development.bullerjanid.ee\/?page_id=950"},"modified":"2023-12-06T10:33:52","modified_gmt":"2023-12-06T08:33:52","slug":"miks-valida-meie-ahi","status":"publish","type":"page","link":"https:\/\/bullerjanid.ee\/fi\/miks-valida-meie-ahi\/","title":{"rendered":"Bullerjanide v\u00f5rdlustabel"},"content":{"rendered":"<p>Bullerjani v\u00f5imsus s\u00f5ltub bullerjani suurusest.<br \/>\nAllpool toodud tabelis on v\u00f5rdlus Eestis levinumatest bullerjan t\u00fc\u00fcpi ahjude suurustest.<br \/>\n&nbsp;<\/p>\n<div class=\"comparison-container\">\n<table class=\"comparison-table\">\n<tr>\n<th class=\"cell-blue\"><nobr>Bullerjanid.ee<\/nobr> V200 12kW<\/th>\n<th class=\"cell-blue\">Polar 01, 11kW<\/th>\n<th class=\"cell-blue\">Bullerjan 01, 11kW<\/th>\n<\/tr>\n<tr>\n<td class=\"cell-green\">Pikkus 960mm<\/td>\n<td class=\"cell-red\">Pikkus 891mm<\/td>\n<td class=\"cell-red\">Pikkus 800mm<\/td>\n<\/tr>\n<tr>\n<td class=\"cell-green\">K\u00f5rgus 940mm<\/td>\n<td class=\"cell-red\">K\u00f5rgus 763mm<\/td>\n<td class=\"cell-red\">K\u00f5rgus 720mm<\/td>\n<\/tr>\n<tr>\n<td class=\"cell-green\">Laius 650mm<\/td>\n<td class=\"cell-red\">Laius 560mm<\/td>\n<td class=\"cell-red\">Laius 550mm<\/td>\n<\/tr>\n<tr>\n<th class=\"cell-blue\"><nobr>Bullerjanid.ee<\/nobr> V400 20kW<\/th>\n<th class=\"cell-blue\">Polar 02, 18kW<\/th>\n<th class=\"cell-blue\">Bullerjan 02, 18kW<\/th>\n<\/tr>\n<tr>\n<td class=\"cell-green\">Pikkus 1110mm<\/td>\n<td class=\"cell-red\">Pikkus 968mm<\/td>\n<td class=\"cell-red\">Pikkus 930mm<\/td>\n<\/tr>\n<tr>\n<td class=\"cell-green\">K\u00f5rgus 940mm<\/td>\n<td class=\"cell-red\">K\u00f5rgus 847mm<\/td>\n<td class=\"cell-red\">K\u00f5rgus 900mm<\/td>\n<\/tr>\n<tr>\n<td class=\"cell-green\">Laius 650mm<\/td>\n<td class=\"cell-red\">Laius 603mm<\/td>\n<td class=\"cell-red\">Laius 650mm<\/td>\n<\/tr>\n<tr>\n<th class=\"cell-blue\"><nobr>Bullerjanid.ee<\/nobr> V600 28kW<\/th>\n<th class=\"cell-blue\">Polar 03, 26kW<\/th>\n<th class=\"cell-blue\">Bullerjan 03, 26kW<\/th>\n<\/tr>\n<tr>\n<td class=\"cell-green\">Pikkus 1260mm<\/td>\n<td class=\"cell-red\">Pikkus 1129mm<\/td>\n<td class=\"cell-red\">Pikkus 1100mm<\/td>\n<\/tr>\n<tr>\n<td class=\"cell-green\">K\u00f5rgus 940mm<\/td>\n<td class=\"cell-red\">K\u00f5rgus 890mm<\/td>\n<td class=\"cell-red\">K\u00f5rgus 900mm<\/td>\n<\/tr>\n<tr>\n<td class=\"cell-green\">Laius 650mm<\/td>\n<td class=\"cell-red\">Laius 645mm<\/td>\n<td class=\"cell-green\">Laius 650mm<\/td>\n<\/tr>\n<tr>\n<th class=\"cell-blue\"><nobr>Bullerjanid.ee<\/nobr> V1000 38kW<\/th>\n<th class=\"cell-blue\">Polar 04, 35kW<\/th>\n<th class=\"cell-blue\">Bullerjan 04, 35kW<\/th>\n<\/tr>\n<tr>\n<td class=\"cell-green\">Pikkus 1440mm<\/td>\n<td class=\"cell-red\">Pikkus 1349mm<\/td>\n<td class=\"cell-red\">Pikkus 1100mm<\/td>\n<\/tr>\n<tr>\n<td class=\"cell-green\">K\u00f5rgus 1120mm<\/td>\n<td class=\"cell-red\">K\u00f5rgus 970mm<\/td>\n<td class=\"cell-red\">K\u00f5rgus 1070mm<\/td>\n<\/tr>\n<tr>\n<td class=\"cell-green\">Laius 820mm<\/td>\n<td class=\"cell-red\">Laius 720mm<\/td>\n<td class=\"cell-red\">Laius 650mm<\/td>\n<\/tr>\n<tr>\n<th class=\"cell-blue\"><nobr>Bullerjanid.ee<\/nobr> V1200 43kW<\/th>\n<th class=\"cell-blue\">Polar 05, 45kW<\/th>\n<th class=\"cell-blue\">Vesuvi 05, 41kW<\/th>\n<\/tr>\n<tr>\n<td class=\"cell-green\">Pikkus 1590mm<\/td>\n<td class=\"cell-red\">Pikkus 1500mm<\/td>\n<td class=\"cell-red\">Pikkus 1480mm<\/td>\n<\/tr>\n<tr>\n<td class=\"cell-green\">K\u00f5rgus 1120mm<\/td>\n<td class=\"cell-red\">K\u00f5rgus 970mm<\/td>\n<td class=\"cell-red\">K\u00f5rgus 940mm<\/td>\n<\/tr>\n<tr>\n<td class=\"cell-green\">Laius 820mm<\/td>\n<td class=\"cell-red\">Laius 720mm<\/td>\n<td class=\"cell-red\">Laius 720mm<\/td>\n<\/tr>\n<tr>\n<th class=\"cell-blue\"><nobr>Bullerjanid.ee<\/nobr> V1500 48kW<\/th>\n<th class=\"cell-blue\">Dakota 06<\/th>\n<th class=\"cell-blue\">Vesuvi 06, 49kW<\/th>\n<\/tr>\n<tr>\n<td class=\"cell-red\">Pikkus 1440mm<\/td>\n<td class=\"cell-green\">Pikkus 1445mm<\/td>\n<td class=\"cell-red\">Pikkus 1350mm<\/td>\n<\/tr>\n<tr>\n<td class=\"cell-green\">K\u00f5rgus 1700mm<\/td>\n<td class=\"cell-red\">K\u00f5rgus 1344mm<\/td>\n<td class=\"cell-red\">K\u00f5rgus 1345mm<\/td>\n<\/tr>\n<tr>\n<td class=\"cell-green\">Laius 720mm<\/td>\n<td class=\"cell-red\">Laius 708mm<\/td>\n<td class=\"cell-red\">Laius 698mm<\/td>\n<\/tr>\n<\/table>\n<\/div>","protected":false},"excerpt":{"rendered":"<p>Bullerjani v\u00f5imsus s\u00f5ltub bullerjani suurusest. Allpool toodud tabelis on v\u00f5rdlus Eestis levinumatest bullerjan t\u00fc\u00fcpi ahjude suurustest. &nbsp; Bullerjanid.ee V200 12kW Polar 01, 11kW Bullerjan 01, 11kW Pikkus 960mm Pikkus 891mm Pikkus 800mm K\u00f5rgus 940mm K\u00f5rgus 763mm K\u00f5rgus 720mm Laius 650mm Laius 560mm Laius 550mm Bullerjanid.ee V400 20kW Polar 02, 18kW Bullerjan 02, 18kW Pikkus 1110mm [&hellip;]<\/p>\n","protected":false},"author":1,"featured_media":0,"parent":0,"menu_order":0,"comment_status":"closed","ping_status":"closed","template":"","meta":{"footnotes":""},"class_list":["post-950","page","type-page","status-publish","hentry"],"blocksy_meta":[],"yoast_head":"<!-- This site is optimized with the Yoast SEO plugin v27.5 - https:\/\/yoast.com\/product\/yoast-seo-wordpress\/ -->\n<title>Bullerjanid.ee - Bullerjanide v\u00f5rdlustabel<\/title>\n<meta name=\"description\" content=\"Allpool toodud tabelis on v\u00f5rdlus Eestis levinumatest bullerjan t\u00fc\u00fcpi ahjude suurustest.\" \/>\n<meta name=\"robots\" content=\"index, follow, max-snippet:-1, max-image-preview:large, max-video-preview:-1\" \/>\n<link rel=\"canonical\" href=\"https:\/\/bullerjanid.ee\/fi\/miks-valida-meie-ahi\/\" \/>\n<meta property=\"og:locale\" content=\"fi_FI\" \/>\n<meta property=\"og:type\" content=\"article\" \/>\n<meta property=\"og:title\" content=\"Bullerjanid.ee - Bullerjanide v\u00f5rdlustabel\" \/>\n<meta property=\"og:description\" content=\"Allpool toodud tabelis on v\u00f5rdlus Eestis levinumatest bullerjan t\u00fc\u00fcpi ahjude suurustest.\" \/>\n<meta property=\"og:url\" content=\"https:\/\/bullerjanid.ee\/fi\/miks-valida-meie-ahi\/\" \/>\n<meta property=\"og:site_name\" content=\"Bullerjanid.ee\" \/>\n<meta property=\"article:modified_time\" content=\"2023-12-06T08:33:52+00:00\" \/>\n<meta name=\"twitter:card\" content=\"summary_large_image\" \/>\n<meta name=\"twitter:label1\" content=\"Arvioitu lukuaika\" \/>\n\t<meta name=\"twitter:data1\" content=\"1 minuutti\" \/>\n<script type=\"application\/ld+json\" class=\"yoast-schema-graph\">{\"@context\":\"https:\\\/\\\/schema.org\",\"@graph\":[{\"@type\":\"WebPage\",\"@id\":\"https:\\\/\\\/bullerjanid.ee\\\/miks-valida-meie-ahi\\\/\",\"url\":\"https:\\\/\\\/bullerjanid.ee\\\/miks-valida-meie-ahi\\\/\",\"name\":\"Bullerjanid.ee - Bullerjanide v\u00f5rdlustabel\",\"isPartOf\":{\"@id\":\"https:\\\/\\\/bullerjanid.ee\\\/#website\"},\"datePublished\":\"2023-08-10T13:41:52+00:00\",\"dateModified\":\"2023-12-06T08:33:52+00:00\",\"description\":\"Allpool toodud tabelis on v\u00f5rdlus Eestis levinumatest bullerjan t\u00fc\u00fcpi ahjude suurustest.\",\"breadcrumb\":{\"@id\":\"https:\\\/\\\/bullerjanid.ee\\\/miks-valida-meie-ahi\\\/#breadcrumb\"},\"inLanguage\":\"fi\",\"potentialAction\":[{\"@type\":\"ReadAction\",\"target\":[\"https:\\\/\\\/bullerjanid.ee\\\/miks-valida-meie-ahi\\\/\"]}]},{\"@type\":\"BreadcrumbList\",\"@id\":\"https:\\\/\\\/bullerjanid.ee\\\/miks-valida-meie-ahi\\\/#breadcrumb\",\"itemListElement\":[{\"@type\":\"ListItem\",\"position\":1,\"name\":\"Home\",\"item\":\"https:\\\/\\\/bullerjanid.ee\\\/\"},{\"@type\":\"ListItem\",\"position\":2,\"name\":\"Bullerjanide v\u00f5rdlustabel\"}]},{\"@type\":\"WebSite\",\"@id\":\"https:\\\/\\\/bullerjanid.ee\\\/#website\",\"url\":\"https:\\\/\\\/bullerjanid.ee\\\/\",\"name\":\"Bullerjanid.ee - Bullerjan ja bulder t\u00fc\u00fcpi ahjud\",\"description\":\"Bullerjan t\u00fc\u00fcpi ahjude m\u00fc\u00fck\",\"potentialAction\":[{\"@type\":\"SearchAction\",\"target\":{\"@type\":\"EntryPoint\",\"urlTemplate\":\"https:\\\/\\\/bullerjanid.ee\\\/?s={search_term_string}\"},\"query-input\":{\"@type\":\"PropertyValueSpecification\",\"valueRequired\":true,\"valueName\":\"search_term_string\"}}],\"inLanguage\":\"fi\"}]}<\/script>\n<!-- \/ Yoast SEO plugin. -->","yoast_head_json":{"title":"Bullerjanid.ee - Bullerjanide v\u00f5rdlustabel","description":"Allpool toodud tabelis on v\u00f5rdlus Eestis levinumatest bullerjan t\u00fc\u00fcpi ahjude suurustest.","robots":{"index":"index","follow":"follow","max-snippet":"max-snippet:-1","max-image-preview":"max-image-preview:large","max-video-preview":"max-video-preview:-1"},"canonical":"https:\/\/bullerjanid.ee\/fi\/miks-valida-meie-ahi\/","og_locale":"fi_FI","og_type":"article","og_title":"Bullerjanid.ee - Bullerjanide v\u00f5rdlustabel","og_description":"Allpool toodud tabelis on v\u00f5rdlus Eestis levinumatest bullerjan t\u00fc\u00fcpi ahjude suurustest.","og_url":"https:\/\/bullerjanid.ee\/fi\/miks-valida-meie-ahi\/","og_site_name":"Bullerjanid.ee","article_modified_time":"2023-12-06T08:33:52+00:00","twitter_card":"summary_large_image","twitter_misc":{"Arvioitu lukuaika":"1 minuutti"},"schema":{"@context":"https:\/\/schema.org","@graph":[{"@type":"WebPage","@id":"https:\/\/bullerjanid.ee\/miks-valida-meie-ahi\/","url":"https:\/\/bullerjanid.ee\/miks-valida-meie-ahi\/","name":"Bullerjanid.ee - Bullerjanide v\u00f5rdlustabel","isPartOf":{"@id":"https:\/\/bullerjanid.ee\/#website"},"datePublished":"2023-08-10T13:41:52+00:00","dateModified":"2023-12-06T08:33:52+00:00","description":"Allpool toodud tabelis on v\u00f5rdlus Eestis levinumatest bullerjan t\u00fc\u00fcpi ahjude suurustest.","breadcrumb":{"@id":"https:\/\/bullerjanid.ee\/miks-valida-meie-ahi\/#breadcrumb"},"inLanguage":"fi","potentialAction":[{"@type":"ReadAction","target":["https:\/\/bullerjanid.ee\/miks-valida-meie-ahi\/"]}]},{"@type":"BreadcrumbList","@id":"https:\/\/bullerjanid.ee\/miks-valida-meie-ahi\/#breadcrumb","itemListElement":[{"@type":"ListItem","position":1,"name":"Home","item":"https:\/\/bullerjanid.ee\/"},{"@type":"ListItem","position":2,"name":"Bullerjanide v\u00f5rdlustabel"}]},{"@type":"WebSite","@id":"https:\/\/bullerjanid.ee\/#website","url":"https:\/\/bullerjanid.ee\/","name":"Bullerjanid.ee - Bullerjan ja bulder t\u00fc\u00fcpi ahjud","description":"Bullerjan t\u00fc\u00fcpi ahjude m\u00fc\u00fck","potentialAction":[{"@type":"SearchAction","target":{"@type":"EntryPoint","urlTemplate":"https:\/\/bullerjanid.ee\/?s={search_term_string}"},"query-input":{"@type":"PropertyValueSpecification","valueRequired":true,"valueName":"search_term_string"}}],"inLanguage":"fi"}]}},"jetpack_sharing_enabled":true,"_links":{"self":[{"href":"https:\/\/bullerjanid.ee\/fi\/wp-json\/wp\/v2\/pages\/950","targetHints":{"allow":["GET"]}}],"collection":[{"href":"https:\/\/bullerjanid.ee\/fi\/wp-json\/wp\/v2\/pages"}],"about":[{"href":"https:\/\/bullerjanid.ee\/fi\/wp-json\/wp\/v2\/types\/page"}],"author":[{"embeddable":true,"href":"https:\/\/bullerjanid.ee\/fi\/wp-json\/wp\/v2\/users\/1"}],"replies":[{"embeddable":true,"href":"https:\/\/bullerjanid.ee\/fi\/wp-json\/wp\/v2\/comments?post=950"}],"version-history":[{"count":12,"href":"https:\/\/bullerjanid.ee\/fi\/wp-json\/wp\/v2\/pages\/950\/revisions"}],"predecessor-version":[{"id":1082,"href":"https:\/\/bullerjanid.ee\/fi\/wp-json\/wp\/v2\/pages\/950\/revisions\/1082"}],"wp:attachment":[{"href":"https:\/\/bullerjanid.ee\/fi\/wp-json\/wp\/v2\/media?parent=950"}],"curies":[{"name":"wp","href":"https:\/\/api.w.org\/{rel}","templated":true}]}}