{"id":484,"date":"2023-07-22T14:41:13","date_gmt":"2023-07-22T11:41:13","guid":{"rendered":"https:\/\/development.bullerjanid.ee\/?page_id=484"},"modified":"2024-01-31T16:32:51","modified_gmt":"2024-01-31T14:32:51","slug":"ahju-valiku-juhend","status":"publish","type":"page","link":"https:\/\/bullerjanid.ee\/fi\/ahju-valiku-juhend\/","title":{"rendered":"Ahju valiku juhend"},"content":{"rendered":"<hr>\n<p>Bullerjan on ennast pikka aega t\u00f5estanud ahi nii Eestis, kui ka v\u00e4lismaal. Kuid valikul v\u00f5i paigaldamisel tehtud eksimustega v\u00f5ib inimene j\u00e4\u00e4da seda ahju kasutades rahulolematuks.<br \/>\n&nbsp;<\/p>\n<p><b>1. Vale ahju valik vastavalt ruumi mahule.<\/b><br \/>\n&nbsp;<br \/>\nKuna Bullerjan t\u00fc\u00fcpi ahi on pikaajalise p\u00f5lemisega ahi, on vaja ahju v\u00f5imsuse valik hoolikalt l\u00e4bi m\u00f5elda. Enamik tootjaid t\u00e4histab ahjusid numbritega: 100, 150, 200 jne. Need numbrid t\u00e4histavad alati <strong>k\u00f6etava ruumi mahtu<\/strong>, <strong>mitte pindala<\/strong>. Paljud m\u00fc\u00fcjad soovitavad kogenematuse t\u00f5ttu ostjal, kelle maja on 100 ruutmeetrit, osta ahi m\u00e4rgistusega 100. 2-meetrise lae k\u00f5rguse korral on teil vaja ahju 200 kuupmeetri jaoks, kuna ahi ei soojenda p\u00f5randat, vaid \u00f5hu mahtu. Kui klient n\u00f5ustub 100m3 Bullerjaniga, siis k\u00fclmade ilmadega ei saavutata vajalikku soojust\/klient peab Bullerjani hoidma maksimaalsel v\u00f5imsusel ning ahju eluiga l\u00fcheneb tugevalt.<br \/>\n&nbsp;<br \/>\n<b>2. Vale ahju valik ruumi t\u00fc\u00fcbile.<\/b><br \/>\n&nbsp;<br \/>\nK\u00f5ik on siin v\u00e4ga lihtne.<br \/>\nN\u00e4ide: Klient ostab kasvuhoone jaoks Bullerjan t\u00fc\u00fcpi ahju. Tuleb meeles pidada, et ahjudele on m\u00e4\u00e4ratud m\u00e4rgistused p\u00f5him\u00f5ttel, et need paigaldatakse soojustatud majas. Suurte akendega, ustega ja eriti kasvuhoone ruumidele, on vajalik v\u00f5imsuse varu. Tavalise pol\u00fckarbonaatkasvuhoonete puhul soovitame valida Bullerjan t\u00fc\u00fcpi ahju topelt v\u00f5imsusega.<br \/>\n&nbsp;<br \/>\n<b>3. Viga korstnas<\/b><br \/>\n&nbsp;<br \/>\nKorsten on k\u00fcttes\u00fcsteemi v\u00e4ga oluline osa. Valesti paigaldatud korstnaga v\u00f5ib Bullerjan t\u00fc\u00fcpi ahi hakata suitsu sisse ajama.<br \/>\nK\u00f5ige tavalisemad vead:<br \/>\n&#8211; korstna toru on l\u00fchem kui ahju passis<br \/>\n&#8211; korstna toru on kitsam kui ahju passis<br \/>\n&#8211; horisontaalne torusektsioon on \u00fcle \u00fche meetri<br \/>\n&nbsp;<br \/>\n<b>4. Toored k\u00fcttepuud<\/b><br \/>\n&nbsp;<br \/>\nBullerjan t\u00fc\u00fcpi ahi t\u00f6\u00f6tab suurema osa ajast pikaajalise p\u00f5lemisre\u017eiimiga &#8211; see t\u00e4hendab, et ahju k\u00fcttepuude p\u00f5lemise temperatuur* ei ole v\u00e4ga k\u00f5rge (*p\u00f5lemise temperatuuri v\u00f5rreldakse traditsiooniliste k\u00fctteseadmetega). Ehk  mida k\u00f5rgem on k\u00fcttepuude niiskus, seda halvemini nad p\u00f5levad. Selle tagaj\u00e4rjeks v\u00f5ib olla: suitsu sisse ajamine, v\u00f5rreldes soovituga madalam soojus tase.<br \/>\n&nbsp;<br \/>\n<b>5. Ruumi mahu arvutamine<\/b><br \/>\n&nbsp;<br \/>\n<style>@media (max-width:480px){#cp_calculatedfieldsf_pform_1{min-height:388px;}}@media (max-width:768px){#cp_calculatedfieldsf_pform_1{min-height:319px;}}@media (max-width:1024px){#cp_calculatedfieldsf_pform_1{min-height:319px;}}@media (min-width:1024px){#cp_calculatedfieldsf_pform_1{min-height:319px;}}<\/style><form name=\"cp_calculatedfieldsf_pform_1\" id=\"cp_calculatedfieldsf_pform_1\" action=\"https:\/\/bullerjanid.ee\/fi\/ahju-valiku-juhend\/\" method=\"post\" enctype=\"multipart\/form-data\" onsubmit=\"return fbuilderjQuery.fbuilder.doValidate(this);\" class=\"cff-form no-prefetch  cff-form-1 cp_cff_13\"  dir=\"ltr\" data-nonce=\"379bd34d91\">\n<input type=\"hidden\" name=\"cp_calculatedfieldsf_pform_psequence\" value=\"_1\" \/>\n<input type=\"hidden\" name=\"cp_calculatedfieldsf_id\" value=\"1\" \/>\n<input type=\"hidden\" name=\"cp_ref_page\" value=\"https:\/\/bullerjanid.ee\" \/>\n<pre style=\"display:none !important;\"><script data-category=\"functional\" type=\"text\/javascript\">form_structure_1=[[{\"form_identifier\":\"\",\"name\":\"fieldname2\",\"fieldlayout\":\"default\",\"shortlabel\":\"\",\"index\":0,\"ftype\":\"fnumber\",\"userhelp\":\"\",\"audiotutorial\":\"\",\"userhelpTooltip\":false,\"tooltipIcon\":false,\"csslayout\":\"\",\"advanced\":{\"css\":{\"container\":{\"label\":\"Field container div tag\",\"rules\":{}},\"label\":{\"label\":\"Field label\",\"rules\":{}},\"input\":{\"label\":\"Input tag\",\"rules\":{}},\"help\":{\"label\":\"Instructions for users\",\"rules\":{}}}},\"title\":\"Ruumi pikkus (m)\",\"predefined\":\"\",\"predefinedClick\":false,\"required\":false,\"exclude\":false,\"readonly\":false,\"numberpad\":false,\"spinner\":false,\"size\":\"small\",\"prefix\":\"\",\"postfix\":\"\",\"thousandSeparator\":\"\",\"decimalSymbol\":\".\",\"min\":\"\",\"max\":\"\",\"step\":\"\",\"formatDynamically\":false,\"dformat\":\"number\",\"formats\":[\"digits\",\"number\",\"percent\"],\"fBuild\":{},\"parent\":\"\"},{\"form_identifier\":\"\",\"name\":\"fieldname7\",\"fieldlayout\":\"default\",\"shortlabel\":\"\",\"index\":1,\"ftype\":\"fnumber\",\"userhelp\":\"\",\"audiotutorial\":\"\",\"userhelpTooltip\":false,\"tooltipIcon\":false,\"csslayout\":\"\",\"advanced\":{\"css\":{\"container\":{\"label\":\"Field container div tag\",\"rules\":{}},\"label\":{\"label\":\"Field label\",\"rules\":{}},\"input\":{\"label\":\"Input tag\",\"rules\":{}},\"help\":{\"label\":\"Instructions for users\",\"rules\":{}}}},\"title\":\"Ruumi laius (m)\",\"predefined\":\"\",\"predefinedClick\":false,\"required\":false,\"exclude\":false,\"readonly\":false,\"numberpad\":false,\"spinner\":false,\"size\":\"small\",\"prefix\":\"\",\"postfix\":\"\",\"thousandSeparator\":\"\",\"decimalSymbol\":\".\",\"min\":\"\",\"max\":\"\",\"step\":\"\",\"formatDynamically\":false,\"dformat\":\"number\",\"formats\":[\"digits\",\"number\",\"percent\"],\"fBuild\":{},\"parent\":\"\"},{\"form_identifier\":\"\",\"name\":\"fieldname6\",\"fieldlayout\":\"default\",\"shortlabel\":\"\",\"index\":2,\"ftype\":\"fnumber\",\"userhelp\":\"\",\"audiotutorial\":\"\",\"userhelpTooltip\":false,\"tooltipIcon\":false,\"csslayout\":\"\",\"advanced\":{\"css\":{\"container\":{\"label\":\"Field container div tag\",\"rules\":{}},\"label\":{\"label\":\"Field label\",\"rules\":{}},\"input\":{\"label\":\"Input tag\",\"rules\":{}},\"help\":{\"label\":\"Instructions for users\",\"rules\":{}}}},\"title\":\"Ruumi k\\u00f5rgus (m)\",\"predefined\":\"\",\"predefinedClick\":false,\"required\":false,\"exclude\":false,\"readonly\":false,\"numberpad\":false,\"spinner\":false,\"size\":\"small\",\"prefix\":\"\",\"postfix\":\"\",\"thousandSeparator\":\"\",\"decimalSymbol\":\".\",\"min\":\"\",\"max\":\"\",\"step\":\"\",\"formatDynamically\":false,\"dformat\":\"number\",\"formats\":[\"digits\",\"number\",\"percent\"],\"fBuild\":{},\"parent\":\"\"},{\"dependencies\":[{\"rule\":\"\",\"complex\":false,\"fields\":[\"\"]}],\"form_identifier\":\"\",\"name\":\"fieldname4\",\"fieldlayout\":\"default\",\"shortlabel\":\"\",\"index\":3,\"ftype\":\"fCalculated\",\"userhelp\":\"\",\"audiotutorial\":\"\",\"userhelpTooltip\":false,\"tooltipIcon\":false,\"csslayout\":\"\",\"advanced\":{\"css\":{\"container\":{\"label\":\"Field container div tag\",\"rules\":{}},\"label\":{\"label\":\"Field label\",\"rules\":{}},\"input\":{\"label\":\"Input tag\",\"rules\":{}},\"help\":{\"label\":\"Instructions for users\",\"rules\":{}}}},\"title\":\"Kokku m3\",\"_developerNotes\":\"\",\"predefined\":\"\",\"required\":false,\"exclude\":false,\"size\":\"small\",\"eq\":\"fieldname2*fieldname7*fieldname6\",\"min\":\"\",\"max\":\"\",\"suffix\":\"\",\"prefix\":\"\",\"decimalsymbol\":\".\",\"groupingsymbol\":\"\",\"readonly\":true,\"currency\":false,\"noEvalIfManual\":true,\"formatDynamically\":false,\"dynamicEval\":true,\"hidefield\":false,\"validate\":false,\"fBuild\":{},\"parent\":\"\"}],{\"0\":{\"title\":\"\",\"description\":\"\",\"formlayout\":\"top_aligned\",\"formtemplate\":\"cp_cff_13\",\"evalequations\":1,\"evalequations_delay\":0,\"evalequationsevent\":2,\"direction\":\"ltr\",\"loading_animation\":0,\"autocomplete\":1,\"persistence\":0,\"animate_form\":0,\"animation_effect\":\"fade\",\"customstyles\":\"\",\"titletag\":\"H2\",\"textalign\":\"default\",\"headertextcolor\":\"\",\"advanced\":{\"css\":{}}},\"formid\":\"cp_calculatedfieldsf_pform_1\"}];<\/script><\/pre>\n<div id=\"fbuilder\">\n\t\t<div id=\"fbuilder_1\">\n\t\t<div id=\"formheader_1\"><\/div>\n\t\t<div id=\"fieldlist_1\"><\/div>\n\t\t<div class=\"clearer\"><\/div>\n\t<\/div>\n<\/div>\n\t<div class=\"clearer\"><\/div>\n\t<input type=\"hidden\" id=\"_cpcff_public_nonce\" name=\"_cpcff_public_nonce\" value=\"8ce9213baf\" \/><input type=\"hidden\" name=\"_wp_http_referer\" value=\"\/fi\/wp-json\/wp\/v2\/pages\/484\" \/><input type=\"hidden\" name=\"cff_form_start_time\" value=\"o6vY+DtOKRpZTxmW7N23XQ==\"><\/form>\n\t<br \/>\n&nbsp;<\/p>\n<p><b>Vali tabelist vastavalt ruumalale ja soojustusele endale sobilik ahi<\/b><br \/>\n&nbsp;<\/p>\n<div class=\"ahjuvalik-container\">\n<table class=\"ahjuvalik-table\">\n<tr>\n<th>m3<\/th>\n<th>Soojustatud ruum<\/th>\n<th>Soojustamata ruum<\/th>\n<\/tr>\n<td>100-200<\/td>\n<td><a href=\"https:\/\/bullerjanid.ee\/product\/bullerjan-tuupi-ahi-v200\/\"><\/p>\n<p>V200<\/p>\n<p><\/a><\/td>\n<td><a href=\"https:\/\/bullerjanid.ee\/product\/bullerjan-tuupi-ahi-v400\/\"><\/p>\n<p>V400<\/p>\n<p><\/a><\/td>\n<\/tr>\n<tr>\n<td>200-400<\/td>\n<td><a href=\"https:\/\/bullerjanid.ee\/product\/bullerjan-tuupi-ahi-v400\/\"><\/p>\n<p>V400<\/p>\n<p><\/a><\/td>\n<td><a href=\"https:\/\/bullerjanid.ee\/product\/bullerjan-tuupi-ahi-v800\/\"><\/p>\n<p>V800<\/p>\n<p><\/a><\/td>\n<\/tr>\n<tr>\n<td>400-600<\/td>\n<td><a href=\"https:\/\/bullerjanid.ee\/product\/bullerjan-tuupi-ahi-v600\/\"><\/p>\n<p>V600<\/p>\n<p><\/a><\/td>\n<td><a href=\"https:\/\/bullerjanid.ee\/product\/bullerjan-tuupi-ahi-v1200\/\"><\/p>\n<p>V1200<\/p>\n<p><\/a><\/td>\n<\/tr>\n<tr>\n<td>600-800<\/td>\n<td><a href=\"https:\/\/bullerjanid.ee\/product\/bullerjan-tuupi-ahi-v800\/\"><\/p>\n<p>V800<\/p>\n<p><\/a><\/td>\n<td><a href=\"https:\/\/bullerjanid.ee\/product\/bullerjan-tuupi-ahi-v1500\/\"><\/p>\n<p>V1500<\/p>\n<p><\/a><\/td>\n<\/tr>\n<tr>\n<td>800-1000<\/td>\n<td><a href=\"https:\/\/bullerjanid.ee\/product\/bullerjan-tuupi-ahi-v1000\/\"><\/p>\n<p>V1000<\/p>\n<p><\/a><\/td>\n<td><a href=\"https:\/\/bullerjanid.ee\/product\/bullerjan-tuupi-ahi-v2000\/\"><\/p>\n<p>V2000<\/p>\n<p><\/a><\/td>\n<\/tr>\n<tr>\n<td>1000-1200<\/td>\n<td><a href=\"https:\/\/bullerjanid.ee\/product\/bullerjan-tuupi-ahi-v1200\/\"><\/p>\n<p>V1200<\/p>\n<p><\/a><\/td>\n<td><a href=\"https:\/\/bullerjanid.ee\/product\/bullerjan-tuupi-ahi-v2500\/\"><\/p>\n<p>V2500<\/p>\n<p><\/a><\/td>\n<\/tr>\n<tr>\n<td>1200-1500<\/td>\n<td><a href=\"https:\/\/bullerjanid.ee\/product\/bullerjan-tuupi-ahi-v1500\/\"><\/p>\n<p>V1500<\/p>\n<p><\/a><\/td>\n<td><a href=\"https:\/\/bullerjanid.ee\/product\/bullerjan-tuupi-ahi-v1500\/\"><\/p>\n<p>2xV1500<\/p>\n<p><\/a><\/td>\n<\/tr>\n<tr>\n<td>1500-2000<\/td>\n<td><a href=\"https:\/\/bullerjanid.ee\/product\/bullerjan-tuupi-ahi-v2000\/\"><\/p>\n<p>V2000<\/p>\n<p><\/a><\/td>\n<td><a href=\"https:\/\/bullerjanid.ee\/product\/bullerjan-tuupi-ahi-v2000\/\"><\/p>\n<p>2xV2000<\/p>\n<p><\/a><\/td>\n<\/tr>\n<tr>\n<td>2000-2500<\/td>\n<td><a href=\"https:\/\/bullerjanid.ee\/product\/bullerjan-tuupi-ahi-v2500\/\"><\/p>\n<p>V2500<\/p>\n<p><\/a><\/td>\n<td><a href=\"https:\/\/bullerjanid.ee\/product\/bullerjan-tuupi-ahi-v2500\/\"><\/p>\n<p>2xV2500<\/p>\n<p><\/a><\/td>\n<\/tr>\n<\/table>\n<\/div>\n<p>&nbsp;<br \/>\n&nbsp;<\/p>\n","protected":false},"excerpt":{"rendered":"<p>Bullerjan on ennast pikka aega t\u00f5estanud ahi nii Eestis, kui ka v\u00e4lismaal. Kuid valikul v\u00f5i paigaldamisel tehtud eksimustega v\u00f5ib inimene j\u00e4\u00e4da seda ahju kasutades rahulolematuks. &nbsp; 1. Vale ahju valik vastavalt ruumi mahule. &nbsp; Kuna Bullerjan t\u00fc\u00fcpi ahi on pikaajalise p\u00f5lemisega ahi, on vaja ahju v\u00f5imsuse valik hoolikalt l\u00e4bi m\u00f5elda. Enamik tootjaid t\u00e4histab ahjusid numbritega: [&hellip;]<\/p>\n","protected":false},"author":1,"featured_media":0,"parent":0,"menu_order":0,"comment_status":"closed","ping_status":"closed","template":"","meta":{"footnotes":""},"class_list":["post-484","page","type-page","status-publish","hentry"],"blocksy_meta":[],"yoast_head":"<!-- This site is optimized with the Yoast SEO plugin v27.5 - https:\/\/yoast.com\/product\/yoast-seo-wordpress\/ -->\n<title>Bullerjanid.ee - Ahju valiku juhend<\/title>\n<meta name=\"description\" content=\"Bullerjan t\u00fc\u00fcpi ahju valiku juhend - abiks ahju valimisel.\" \/>\n<meta name=\"robots\" content=\"index, follow, max-snippet:-1, max-image-preview:large, max-video-preview:-1\" \/>\n<link rel=\"canonical\" href=\"https:\/\/bullerjanid.ee\/fi\/ahju-valiku-juhend\/\" \/>\n<meta property=\"og:locale\" content=\"fi_FI\" \/>\n<meta property=\"og:type\" content=\"article\" \/>\n<meta property=\"og:title\" content=\"Bullerjanid.ee - Ahju valiku juhend\" \/>\n<meta property=\"og:description\" content=\"Bullerjan t\u00fc\u00fcpi ahju valiku juhend - abiks ahju valimisel.\" \/>\n<meta property=\"og:url\" content=\"https:\/\/bullerjanid.ee\/fi\/ahju-valiku-juhend\/\" \/>\n<meta property=\"og:site_name\" content=\"Bullerjanid.ee\" \/>\n<meta property=\"article:modified_time\" content=\"2024-01-31T14:32:51+00:00\" \/>\n<meta name=\"twitter:card\" content=\"summary_large_image\" \/>\n<meta name=\"twitter:label1\" content=\"Arvioitu lukuaika\" \/>\n\t<meta name=\"twitter:data1\" content=\"2 minuuttia\" \/>\n<script type=\"application\/ld+json\" class=\"yoast-schema-graph\">{\"@context\":\"https:\\\/\\\/schema.org\",\"@graph\":[{\"@type\":\"WebPage\",\"@id\":\"https:\\\/\\\/bullerjanid.ee\\\/ahju-valiku-juhend\\\/\",\"url\":\"https:\\\/\\\/bullerjanid.ee\\\/ahju-valiku-juhend\\\/\",\"name\":\"Bullerjanid.ee - Ahju valiku juhend\",\"isPartOf\":{\"@id\":\"https:\\\/\\\/bullerjanid.ee\\\/#website\"},\"datePublished\":\"2023-07-22T11:41:13+00:00\",\"dateModified\":\"2024-01-31T14:32:51+00:00\",\"description\":\"Bullerjan t\u00fc\u00fcpi ahju valiku juhend - abiks ahju valimisel.\",\"breadcrumb\":{\"@id\":\"https:\\\/\\\/bullerjanid.ee\\\/ahju-valiku-juhend\\\/#breadcrumb\"},\"inLanguage\":\"fi\",\"potentialAction\":[{\"@type\":\"ReadAction\",\"target\":[\"https:\\\/\\\/bullerjanid.ee\\\/ahju-valiku-juhend\\\/\"]}]},{\"@type\":\"BreadcrumbList\",\"@id\":\"https:\\\/\\\/bullerjanid.ee\\\/ahju-valiku-juhend\\\/#breadcrumb\",\"itemListElement\":[{\"@type\":\"ListItem\",\"position\":1,\"name\":\"Home\",\"item\":\"https:\\\/\\\/bullerjanid.ee\\\/\"},{\"@type\":\"ListItem\",\"position\":2,\"name\":\"Ahju valiku juhend\"}]},{\"@type\":\"WebSite\",\"@id\":\"https:\\\/\\\/bullerjanid.ee\\\/#website\",\"url\":\"https:\\\/\\\/bullerjanid.ee\\\/\",\"name\":\"Bullerjanid.ee - Bullerjan ja bulder t\u00fc\u00fcpi ahjud\",\"description\":\"Bullerjan t\u00fc\u00fcpi ahjude m\u00fc\u00fck\",\"potentialAction\":[{\"@type\":\"SearchAction\",\"target\":{\"@type\":\"EntryPoint\",\"urlTemplate\":\"https:\\\/\\\/bullerjanid.ee\\\/?s={search_term_string}\"},\"query-input\":{\"@type\":\"PropertyValueSpecification\",\"valueRequired\":true,\"valueName\":\"search_term_string\"}}],\"inLanguage\":\"fi\"}]}<\/script>\n<!-- \/ Yoast SEO plugin. -->","yoast_head_json":{"title":"Bullerjanid.ee - Ahju valiku juhend","description":"Bullerjan t\u00fc\u00fcpi ahju valiku juhend - abiks ahju valimisel.","robots":{"index":"index","follow":"follow","max-snippet":"max-snippet:-1","max-image-preview":"max-image-preview:large","max-video-preview":"max-video-preview:-1"},"canonical":"https:\/\/bullerjanid.ee\/fi\/ahju-valiku-juhend\/","og_locale":"fi_FI","og_type":"article","og_title":"Bullerjanid.ee - Ahju valiku juhend","og_description":"Bullerjan t\u00fc\u00fcpi ahju valiku juhend - abiks ahju valimisel.","og_url":"https:\/\/bullerjanid.ee\/fi\/ahju-valiku-juhend\/","og_site_name":"Bullerjanid.ee","article_modified_time":"2024-01-31T14:32:51+00:00","twitter_card":"summary_large_image","twitter_misc":{"Arvioitu lukuaika":"2 minuuttia"},"schema":{"@context":"https:\/\/schema.org","@graph":[{"@type":"WebPage","@id":"https:\/\/bullerjanid.ee\/ahju-valiku-juhend\/","url":"https:\/\/bullerjanid.ee\/ahju-valiku-juhend\/","name":"Bullerjanid.ee - Ahju valiku juhend","isPartOf":{"@id":"https:\/\/bullerjanid.ee\/#website"},"datePublished":"2023-07-22T11:41:13+00:00","dateModified":"2024-01-31T14:32:51+00:00","description":"Bullerjan t\u00fc\u00fcpi ahju valiku juhend - abiks ahju valimisel.","breadcrumb":{"@id":"https:\/\/bullerjanid.ee\/ahju-valiku-juhend\/#breadcrumb"},"inLanguage":"fi","potentialAction":[{"@type":"ReadAction","target":["https:\/\/bullerjanid.ee\/ahju-valiku-juhend\/"]}]},{"@type":"BreadcrumbList","@id":"https:\/\/bullerjanid.ee\/ahju-valiku-juhend\/#breadcrumb","itemListElement":[{"@type":"ListItem","position":1,"name":"Home","item":"https:\/\/bullerjanid.ee\/"},{"@type":"ListItem","position":2,"name":"Ahju valiku juhend"}]},{"@type":"WebSite","@id":"https:\/\/bullerjanid.ee\/#website","url":"https:\/\/bullerjanid.ee\/","name":"Bullerjanid.ee - Bullerjan ja bulder t\u00fc\u00fcpi ahjud","description":"Bullerjan t\u00fc\u00fcpi ahjude m\u00fc\u00fck","potentialAction":[{"@type":"SearchAction","target":{"@type":"EntryPoint","urlTemplate":"https:\/\/bullerjanid.ee\/?s={search_term_string}"},"query-input":{"@type":"PropertyValueSpecification","valueRequired":true,"valueName":"search_term_string"}}],"inLanguage":"fi"}]}},"jetpack_sharing_enabled":true,"_links":{"self":[{"href":"https:\/\/bullerjanid.ee\/fi\/wp-json\/wp\/v2\/pages\/484","targetHints":{"allow":["GET"]}}],"collection":[{"href":"https:\/\/bullerjanid.ee\/fi\/wp-json\/wp\/v2\/pages"}],"about":[{"href":"https:\/\/bullerjanid.ee\/fi\/wp-json\/wp\/v2\/types\/page"}],"author":[{"embeddable":true,"href":"https:\/\/bullerjanid.ee\/fi\/wp-json\/wp\/v2\/users\/1"}],"replies":[{"embeddable":true,"href":"https:\/\/bullerjanid.ee\/fi\/wp-json\/wp\/v2\/comments?post=484"}],"version-history":[{"count":152,"href":"https:\/\/bullerjanid.ee\/fi\/wp-json\/wp\/v2\/pages\/484\/revisions"}],"predecessor-version":[{"id":1218,"href":"https:\/\/bullerjanid.ee\/fi\/wp-json\/wp\/v2\/pages\/484\/revisions\/1218"}],"wp:attachment":[{"href":"https:\/\/bullerjanid.ee\/fi\/wp-json\/wp\/v2\/media?parent=484"}],"curies":[{"name":"wp","href":"https:\/\/api.w.org\/{rel}","templated":true}]}}