{"id":3,"date":"2022-11-09T10:54:55","date_gmt":"2022-11-09T10:54:55","guid":{"rendered":"https:\/\/dev.bullerjanid.ee\/?page_id=3"},"modified":"2026-05-06T16:27:31","modified_gmt":"2026-05-06T13:27:31","slug":"privacy-policy","status":"publish","type":"page","link":"https:\/\/bullerjanid.ee\/fi\/privacy-policy\/","title":{"rendered":"Privaatsuspoliitika"},"content":{"rendered":"<p>&nbsp;<br \/>\nBullerjanid.ee isikuandmete vastutav t\u00f6\u00f6tleja on BULMET O\u00dc (Reg nr 14756664) e-kiri <a href=\"mailto:info@bullerjanid.ee\">info@bullerjanid.ee<\/a>.<br \/>\n&nbsp;<br \/>\n<b>T\u00f6\u00f6deldakse j\u00e4rgmiseid isikuandmeid <\/b><\/p>\n<p>&bull; nimi, telefoninumber ja e-posti aadress<\/p>\n<p>&bull; kauba kohaletoimetamise aadress<\/p>\n<p>&bull; pangakonto number<\/p>\n<p>&bull; kaupade ja teenuste maksumus ja maksetega seotud andmed (ostuajalugu)<\/p>\n<p>&bull; klienditoe andmed<br \/>\n&nbsp;<br \/>\n<b>K\u00fcpsiste kasutamise p\u00f5him\u00f5tted<\/b><br \/>\n&nbsp;<br \/>\n&bull; Kasutajate paremaks teenindamiseks v\u00f5ib kasutada Bullerjanid.ee veebileht k\u00fcpsiseid ehk cookie\u2019sid.<br \/>\n&bull; BULMET O\u00dc kuuluv domeen v\u00f5ib muuhulgas sisaldada elementi, mis salvestavad k\u00fcpsiseid kolmandate isikute nimel.<br \/>\n&nbsp;<br \/>\n<b>K\u00fcpsistest keeldumine<\/b><br \/>\n&nbsp;<br \/>\n&bull; Kasutajal on \u00f5igus keelduda k\u00fcpsiste salvestamisest arvutisse. Vastava soovi korral peab Tellija muutma oma veebilehitseja seadeid.<br \/>\n&bull; Eri t\u00fc\u00fcpi veebilehitsejad kasutavad k\u00fcpsiste keelamiseks erinevaid meetodeid.<br \/>\n&bull; T\u00e4psem informatsioon on kuvatud veebilehel http:\/\/www.aki.ee\/et\/kupsised.<br \/>\n&nbsp;<br \/>\n&bull; K\u00fcpsiste blokeerimisel peab Kasutaja arvestama, et k\u00f5ik veebilehe funktsioonid ei pruugi p\u00e4rast k\u00fcpsiste blokeerimist enam Kasutajale k\u00e4ttesaadavad olla.<br \/>\n&nbsp;<br \/>\n<b>Mis k\u00fcpsis ehk cookie?<\/b><br \/>\n&nbsp;<br \/>\n&bull; K\u00fcpsis on tekstifail, mille saadavad ja salvestavad Kasutaja arvutisse veebilehed, mida kasutaja k\u00fclastab. K\u00fcpsis salvestatakse Kasutaja veebilehitseja failikataloogis. Juhul kui Kasutaja on veebilehte varem k\u00fclastanud, loeb veebilehitseja k\u00fcpsist ning edastab vastava teabe veebilehele v\u00f5i elemendile, mis k\u00fcpsise algul salvestas. Lisateave k\u00fcpsiste kohta on k\u00e4ttesaadav veebilehel http:\/\/www.aki.ee\/et\/kupsised<br \/>\n&bull; K\u00fcpsised v\u00f5imaldavad j\u00e4lgida veebilehe kasutusstatistikat, rubriikide populaarsust ning muid veebilehel tehtavatest toiminguid. K\u00fcpsisest saadavat teavet kasutatakse veebilehe kasutusmugavuse ja sisu parandamise eesm\u00e4rgil.<br \/>\n&nbsp;<br \/>\n<b>Isikuandmeid t\u00f6\u00f6deldakse eesm\u00e4rgil<\/b><br \/>\n&nbsp;<br \/>\n&bull; Veebilehe Bullerjanid.ee lehek\u00fclastuste ja tellimuste vormistamise k\u00e4igus kogutud informatsiooni ja isikuandmeid k\u00e4sitletakse konfidentsiaalsetena ja seda ei avaldata kolmandatele osapooltele v\u00e4lja arvatud Eesti Vabariigis kehtivates \u00f5igusaktides s\u00e4testatud juhtudel ja ulatuses. Teil on \u00f5igus igal hetkel taotleda oma isikuandmete parandamist v\u00f5i kustutamist, kirjutades sellest: <a href=\"mailto:info@bullerjanid.ee\">info@bullerjanid.ee<\/a>. Kogume vaid selliseid isikuandmeid, mis on vajalikud Teile teenuse osutamiseks v\u00f5i pakkumiste saatmiseks (juhul, kui olete selleks soovi avaldanud p\u00e4ringu saatmisel). Andmete kogumine v\u00f5ib toimuda meie veebilehel, e-maili teel, kohtumisel v\u00f5i telefoni teel.<br \/>\n&nbsp;<br \/>\n&bull; Isikuandmeid kasutatakse kliendi tellimuste haldamiseks ja kauba kohaletoimetamiseks.<br \/>\n&nbsp;<br \/>\n&bull; Ostuajaloo andmeid (ostu kuup\u00e4ev, kaup, kogus, kliendi andmed) kasutatakse ostetud kaupade ja teenuste \u00fclevaate koostamiseks ning kliendieelistuste anal\u00fc\u00fcsimiseks.<br \/>\n&bull; Pangakonto numbrit kasutatakse kliendile maksete tagastamiseks.<br \/>\n&bull; Isikuandmeid nagu e-post, telefoni nr, kliendi nimi, t\u00f6\u00f6deldakse selleks, et lahendada kaupade ja teenuste osutamise seonduvaid k\u00fcsimusi (klienditugi).<br \/>\n&bull; Veebipoe kasutaja IP-aadressi v\u00f5i teisi v\u00f5rguidentifikaatoreid t\u00f6\u00f6deldakse veebipoe kui info\u00fchiskonna teenuse osutamiseks ning veebikasutusstatistika tegemiseks.<br \/>\n&nbsp;<br \/>\n<b>\u00d5iguslik alus<\/b><br \/>\n&nbsp;<br \/>\n&bull; Isikuandmete t\u00f6\u00f6tlemine toimub kliendiga s\u00f5lmitud lepingu t\u00e4itmise eesm\u00e4rgil.<br \/>\n&bull; Isikuandmete t\u00f6\u00f6tlemine toimub juriidilise kohustuse t\u00e4itmiseks (nt raamatupidamine ja tarbijavaidluste lahendamine).<br \/>\n&nbsp;<br \/>\n<b>Isikuandmed edastatakse<\/b><br \/>\n&nbsp;<br \/>\n&bull; Isikuandmed edastatakse veebipoe Bullerjanid.ee klienditoele ostude ja ostuajaloo haldamiseks ja kliendiprobleemide lahendamiseks.<br \/>\n&bull; Isikuandmeid v\u00f5idakse edastada infotehnoloogia teenuste pakkujatele, veebipoe funktsionaalsuse v\u00f5i andmemajutuse tagamiseks.<br \/>\n&nbsp;<br \/>\n<b>Turvalisus ja andmetele ligip\u00e4\u00e4s<\/b><br \/>\n&nbsp;<br \/>\n&bull; Juurdep\u00e4\u00e4s isikuandmetele on veebipoe t\u00f6\u00f6tajatel, kes saavad isikuandmetega tutvuda selleks, et lahendada veebipoe kasutamisega seonduvaid tehnilisi k\u00fcsimusi ning osutada klienditoe teenust.<br \/>\n&bull; Veebipood rakendab asjakohaseid f\u00fc\u00fcsilisi, organisatsioonilisi ja infotehnilisi turvameetmeid, et kaitsta isikuandmeid juhusliku v\u00f5i ebaseadusliku h\u00e4vitamise, kaotsimineku, muutmise v\u00f5i loata juurdep\u00e4\u00e4su ja avalikustamise eest.<br \/>\n&bull; Isikuandmete edastamine veebipoe volitatud t\u00f6\u00f6tlejatele (nt transporditeenuse pakkuja ja andmemajutus) toimub veebipoe ja volitatud t\u00f6\u00f6tlejatega s\u00f5lmitud lepingute alusel. Volitatud t\u00f6\u00f6tlejaid on kohustatud tagama isikuandmete t\u00f6\u00f6tlemisel asjakohased kaitsemeetmed.<br \/>\n&nbsp;<br \/>\n<b>Isikuandmete s\u00e4ilitamine<\/b><br \/>\n&nbsp;<br \/>\n&bull; Veebipoe sulgemisel kustutatakse isikuandmed, va juhul kui selliseid andmeid on vaja s\u00e4ilitada raamatupidamise jaoks v\u00f5i tarbijavaidluste lahendamiseks. Kui veebipoes on ost sooritatud ilma kliendikontota, siis s\u00e4ilitatakse ostuajalugu kolm aastat.<br \/>\n&bull; Maksetega ja tarbijavaidlustega seotud vaidluste korral s\u00e4ilitatakse isikuandmed kuni n\u00f5ude t\u00e4itmiseni v\u00f5i aegumist\u00e4htaja l\u00f5puni.<br \/>\n&bull; Raamatupidamise jaoks vajalikud isikuandmed s\u00e4ilitatakse seitse aastat.<br \/>\n&nbsp;<br \/>\n<b>Isikuandmete kustutamine<\/b><br \/>\n&nbsp;<br \/>\n&bull; Isikuandmete kustutamiseks tuleb v\u00f5tta \u00fchendust klienditoega e-posti <a href=\"mailto:info@bullerjanid.ee\">info@bullerjanid.ee<\/a> teel. Kustutamistaotlusele vastatakse mitte hiljem kui kuu aja jooksul ning t\u00e4psustakse andmete kustutamise perioodi.<br \/>\n&nbsp;<br \/>\n<b>Otseturustusteated<\/b><br \/>\n&nbsp;<br \/>\n&bull; E-kirja aadressi ja telefoninumbrit kasutatakse otseturundusteadete saatmiseks, kui klient on andnud vastava n\u00f5usoleku. Kui klient ei soovi saada otseturustusteateid, siis tuleb valida e-kirja jaluses vastav viide v\u00f5i v\u00f5tta \u00fchendust klienditoega e-kirja teel saates teate <a href=\"mailto:info@bullerjanid.ee\">info@bullerjanid.ee<\/a> klienditoe aadressile.<br \/>\n&nbsp;<br \/>\n&bull; Kui isikuandmeid t\u00f6\u00f6deldakse otseturunduse eesm\u00e4rgil (profileerimine), on kliendil \u00f5igus oma isikuandmete nii algse kui ka edasise t\u00f6\u00f6tlemise, sealhulgas otseturundusega seotud profiilianal\u00fc\u00fcsi tegemise suhtes igal ajal vastuv\u00e4iteid esitada teavitades sellest kliendituge <a href=\"mailto:info@bullerjanid.ee\">info@bullerjanid.ee<\/a> e-posti teel.<br \/>\n&nbsp;<br \/>\n<b>Vaidluste lahendamine<\/b><br \/>\n&nbsp;<br \/>\n&bull; Isikuandmete t\u00f6\u00f6tlemisega seotud vaidluste lahendamine toimub klienditoe vahendusel (e-post : <a href=\"mailto:info@bullerjanid.ee\">info@bullerjanid.ee<\/a> ). J\u00e4relevalveasutus on Eesti Andmekaitse Inspektsioon (<a href=\"mailto:info@aki.ee\">info@aki.ee<\/a>).<\/p>","protected":false},"excerpt":{"rendered":"<p>&nbsp; Bullerjanid.ee isikuandmete vastutav t\u00f6\u00f6tleja on BULMET O\u00dc (Reg nr 14756664) e-kiri info@bullerjanid.ee. &nbsp; T\u00f6\u00f6deldakse j\u00e4rgmiseid isikuandmeid &bull; nimi, telefoninumber ja e-posti aadress &bull; kauba kohaletoimetamise aadress &bull; pangakonto number &bull; kaupade ja teenuste maksumus ja maksetega seotud andmed (ostuajalugu) &bull; klienditoe andmed &nbsp; K\u00fcpsiste kasutamise p\u00f5him\u00f5tted &nbsp; &bull; Kasutajate paremaks teenindamiseks v\u00f5ib kasutada Bullerjanid.ee [&hellip;]<\/p>\n","protected":false},"author":1,"featured_media":0,"parent":0,"menu_order":0,"comment_status":"closed","ping_status":"open","template":"","meta":{"footnotes":""},"class_list":["post-3","page","type-page","status-publish","hentry"],"blocksy_meta":{"styles_descriptor":{"styles":{"desktop":"","tablet":"","mobile":""},"google_fonts":[],"version":6}},"yoast_head":"<!-- This site is optimized with the Yoast SEO plugin v27.5 - https:\/\/yoast.com\/product\/yoast-seo-wordpress\/ -->\n<title>Bullerjanid.ee - Privaatsuspoliitika<\/title>\n<meta name=\"description\" content=\"Privaatsuspoliitika\" \/>\n<meta name=\"robots\" content=\"index, follow, max-snippet:-1, max-image-preview:large, max-video-preview:-1\" \/>\n<link rel=\"canonical\" href=\"https:\/\/bullerjanid.ee\/fi\/privacy-policy\/\" \/>\n<meta property=\"og:locale\" content=\"fi_FI\" \/>\n<meta property=\"og:type\" content=\"article\" \/>\n<meta property=\"og:title\" content=\"Bullerjanid.ee - Privaatsuspoliitika\" \/>\n<meta property=\"og:description\" content=\"Privaatsuspoliitika\" \/>\n<meta property=\"og:url\" content=\"https:\/\/bullerjanid.ee\/fi\/privacy-policy\/\" \/>\n<meta property=\"og:site_name\" content=\"Bullerjanid.ee\" \/>\n<meta property=\"article:modified_time\" content=\"2026-05-06T13:27:31+00:00\" \/>\n<meta name=\"twitter:card\" content=\"summary_large_image\" \/>\n<meta name=\"twitter:label1\" content=\"Arvioitu lukuaika\" \/>\n\t<meta name=\"twitter:data1\" content=\"4 minuuttia\" \/>\n<script type=\"application\/ld+json\" class=\"yoast-schema-graph\">{\"@context\":\"https:\\\/\\\/schema.org\",\"@graph\":[{\"@type\":\"WebPage\",\"@id\":\"https:\\\/\\\/bullerjanid.ee\\\/privacy-policy\\\/\",\"url\":\"https:\\\/\\\/bullerjanid.ee\\\/privacy-policy\\\/\",\"name\":\"Bullerjanid.ee - Privaatsuspoliitika\",\"isPartOf\":{\"@id\":\"https:\\\/\\\/bullerjanid.ee\\\/#website\"},\"datePublished\":\"2022-11-09T10:54:55+00:00\",\"dateModified\":\"2026-05-06T13:27:31+00:00\",\"description\":\"Privaatsuspoliitika\",\"breadcrumb\":{\"@id\":\"https:\\\/\\\/bullerjanid.ee\\\/privacy-policy\\\/#breadcrumb\"},\"inLanguage\":\"fi\",\"potentialAction\":[{\"@type\":\"ReadAction\",\"target\":[\"https:\\\/\\\/bullerjanid.ee\\\/privacy-policy\\\/\"]}]},{\"@type\":\"BreadcrumbList\",\"@id\":\"https:\\\/\\\/bullerjanid.ee\\\/privacy-policy\\\/#breadcrumb\",\"itemListElement\":[{\"@type\":\"ListItem\",\"position\":1,\"name\":\"Home\",\"item\":\"https:\\\/\\\/bullerjanid.ee\\\/\"},{\"@type\":\"ListItem\",\"position\":2,\"name\":\"Privaatsuspoliitika\"}]},{\"@type\":\"WebSite\",\"@id\":\"https:\\\/\\\/bullerjanid.ee\\\/#website\",\"url\":\"https:\\\/\\\/bullerjanid.ee\\\/\",\"name\":\"Bullerjanid.ee - Bullerjan ja bulder t\u00fc\u00fcpi ahjud\",\"description\":\"Bullerjan t\u00fc\u00fcpi ahjude m\u00fc\u00fck\",\"potentialAction\":[{\"@type\":\"SearchAction\",\"target\":{\"@type\":\"EntryPoint\",\"urlTemplate\":\"https:\\\/\\\/bullerjanid.ee\\\/?s={search_term_string}\"},\"query-input\":{\"@type\":\"PropertyValueSpecification\",\"valueRequired\":true,\"valueName\":\"search_term_string\"}}],\"inLanguage\":\"fi\"}]}<\/script>\n<!-- \/ Yoast SEO plugin. -->","yoast_head_json":{"title":"Bullerjanid.ee - Privaatsuspoliitika","description":"Privaatsuspoliitika","robots":{"index":"index","follow":"follow","max-snippet":"max-snippet:-1","max-image-preview":"max-image-preview:large","max-video-preview":"max-video-preview:-1"},"canonical":"https:\/\/bullerjanid.ee\/fi\/privacy-policy\/","og_locale":"fi_FI","og_type":"article","og_title":"Bullerjanid.ee - Privaatsuspoliitika","og_description":"Privaatsuspoliitika","og_url":"https:\/\/bullerjanid.ee\/fi\/privacy-policy\/","og_site_name":"Bullerjanid.ee","article_modified_time":"2026-05-06T13:27:31+00:00","twitter_card":"summary_large_image","twitter_misc":{"Arvioitu lukuaika":"4 minuuttia"},"schema":{"@context":"https:\/\/schema.org","@graph":[{"@type":"WebPage","@id":"https:\/\/bullerjanid.ee\/privacy-policy\/","url":"https:\/\/bullerjanid.ee\/privacy-policy\/","name":"Bullerjanid.ee - Privaatsuspoliitika","isPartOf":{"@id":"https:\/\/bullerjanid.ee\/#website"},"datePublished":"2022-11-09T10:54:55+00:00","dateModified":"2026-05-06T13:27:31+00:00","description":"Privaatsuspoliitika","breadcrumb":{"@id":"https:\/\/bullerjanid.ee\/privacy-policy\/#breadcrumb"},"inLanguage":"fi","potentialAction":[{"@type":"ReadAction","target":["https:\/\/bullerjanid.ee\/privacy-policy\/"]}]},{"@type":"BreadcrumbList","@id":"https:\/\/bullerjanid.ee\/privacy-policy\/#breadcrumb","itemListElement":[{"@type":"ListItem","position":1,"name":"Home","item":"https:\/\/bullerjanid.ee\/"},{"@type":"ListItem","position":2,"name":"Privaatsuspoliitika"}]},{"@type":"WebSite","@id":"https:\/\/bullerjanid.ee\/#website","url":"https:\/\/bullerjanid.ee\/","name":"Bullerjanid.ee - Bullerjan ja bulder t\u00fc\u00fcpi ahjud","description":"Bullerjan t\u00fc\u00fcpi ahjude m\u00fc\u00fck","potentialAction":[{"@type":"SearchAction","target":{"@type":"EntryPoint","urlTemplate":"https:\/\/bullerjanid.ee\/?s={search_term_string}"},"query-input":{"@type":"PropertyValueSpecification","valueRequired":true,"valueName":"search_term_string"}}],"inLanguage":"fi"}]}},"jetpack_sharing_enabled":true,"_links":{"self":[{"href":"https:\/\/bullerjanid.ee\/fi\/wp-json\/wp\/v2\/pages\/3","targetHints":{"allow":["GET"]}}],"collection":[{"href":"https:\/\/bullerjanid.ee\/fi\/wp-json\/wp\/v2\/pages"}],"about":[{"href":"https:\/\/bullerjanid.ee\/fi\/wp-json\/wp\/v2\/types\/page"}],"author":[{"embeddable":true,"href":"https:\/\/bullerjanid.ee\/fi\/wp-json\/wp\/v2\/users\/1"}],"replies":[{"embeddable":true,"href":"https:\/\/bullerjanid.ee\/fi\/wp-json\/wp\/v2\/comments?post=3"}],"version-history":[{"count":10,"href":"https:\/\/bullerjanid.ee\/fi\/wp-json\/wp\/v2\/pages\/3\/revisions"}],"predecessor-version":[{"id":1363,"href":"https:\/\/bullerjanid.ee\/fi\/wp-json\/wp\/v2\/pages\/3\/revisions\/1363"}],"wp:attachment":[{"href":"https:\/\/bullerjanid.ee\/fi\/wp-json\/wp\/v2\/media?parent=3"}],"curies":[{"name":"wp","href":"https:\/\/api.w.org\/{rel}","templated":true}]}}