{"id":1256,"date":"2024-06-03T13:57:39","date_gmt":"2024-06-03T10:57:39","guid":{"rendered":"https:\/\/bullerjanid.ee\/?page_id=1256"},"modified":"2024-06-03T13:58:09","modified_gmt":"2024-06-03T10:58:09","slug":"garantii-hooldus-ja-remont","status":"publish","type":"page","link":"https:\/\/bullerjanid.ee\/fi\/garantii-hooldus-ja-remont\/","title":{"rendered":"Garantii, hooldus ja remont"},"content":{"rendered":"<p>BULMET O\u00dc (bullerjanid.ee) poolt m\u00fc\u00fcdud uutele toodetele kehtib V\u00d5S \u00a7-s 218 lg 2 s\u00e4testatud 2-aastane pretensiooni esitamise t\u00e4htaeg. Tootja poolt v\u00f5ib olla kehtestatud pikem garantiiaeg &#8211; sellisel juhul on see toote juures ning m\u00fc\u00fcgiarvel m\u00e4rgitud. Pretensioonide esitamise periood algab kauba kliendile v\u00e4ljastamise hetkel koostatud saatedokumendil n\u00e4idatud kuup\u00e4evast. 2-aasta jooksul remondime defektse toote tasuta eeldusel, et viga on tekkinud tootja s\u00fc\u00fcl ning klient esitab ostudokumendi originaali. Kui toodet ei ole v\u00f5imalik remontida, on kliendil \u00f5igus n\u00f5uda toote asendamist v\u00f5i lepingust taganeda. Eelpooltoodu kehtib eeldusel, et toodet on kasutatud \u00fcksnes selleks etten\u00e4htud tingimustes ja otstarbel ning viga ei ole p\u00f5hjustatud toote eba\u00f5ige k\u00e4sitsemise p\u00e4rast. \u00d5igus n\u00f5uda toote tasuta parandamist l\u00f5peb enne 2 aasta m\u00f6\u00f6dumist juhul, kui: a. toodet remonti tuues ei esitata remonti vajava toote ostudokumenti v\u00f5i kui sellel olevaid andmeid on omavoliliselt muudetud; toote konstruktsiooni on omavoliliselt muudetud v\u00f5i parandatud, vaatamata sellele, kui suures ulatuses v\u00f5i kui kvalifitseeritult seda on tehtud v\u00f5i kui toode on viidud remonti mujale kui tootja esindusse v\u00f5i meiepoolt aktsepteeritud remondit\u00f6\u00f6kotta; toode l\u00e4ks rivist v\u00e4lja kasutaja s\u00fc\u00fcl eba\u00f5ige ekspluateerimise tulemusena, samuti kasutusjuhendi mittej\u00e4lgimisel v\u00f5i toote mittehoolikal hoidmisel tekkinud defektide korral. Juhul kui tarbija poolt ostetud kaubal ilmneb puudus, mille eest vastutab m\u00fc\u00fcja (V\u00d5S \u00a7 218 lg 2), korraldab transpordi kliendi asukohta ja tagasi m\u00fc\u00fcja (V\u00d5S \u00a7 222 lg 4).<\/p>","protected":false},"excerpt":{"rendered":"<p>BULMET O\u00dc (bullerjanid.ee) poolt m\u00fc\u00fcdud uutele toodetele kehtib V\u00d5S \u00a7-s 218 lg 2 s\u00e4testatud 2-aastane pretensiooni esitamise t\u00e4htaeg. Tootja poolt v\u00f5ib olla kehtestatud pikem garantiiaeg &#8211; sellisel juhul on see toote juures ning m\u00fc\u00fcgiarvel m\u00e4rgitud. Pretensioonide esitamise periood algab kauba kliendile v\u00e4ljastamise hetkel koostatud saatedokumendil n\u00e4idatud kuup\u00e4evast. 2-aasta jooksul remondime defektse toote tasuta eeldusel, et [&hellip;]<\/p>\n","protected":false},"author":1,"featured_media":0,"parent":0,"menu_order":0,"comment_status":"closed","ping_status":"closed","template":"","meta":{"footnotes":""},"class_list":["post-1256","page","type-page","status-publish","hentry"],"blocksy_meta":[],"yoast_head":"<!-- This site is optimized with the Yoast SEO plugin v27.5 - https:\/\/yoast.com\/product\/yoast-seo-wordpress\/ -->\n<title>Bullerjanid.ee - Garantii, hooldus ja remont<\/title>\n<meta name=\"description\" content=\"Garantii, hooldus ja remont\" \/>\n<meta name=\"robots\" content=\"index, follow, max-snippet:-1, max-image-preview:large, max-video-preview:-1\" \/>\n<link rel=\"canonical\" href=\"https:\/\/bullerjanid.ee\/fi\/garantii-hooldus-ja-remont\/\" \/>\n<meta property=\"og:locale\" content=\"fi_FI\" \/>\n<meta property=\"og:type\" content=\"article\" \/>\n<meta property=\"og:title\" content=\"Bullerjanid.ee - Garantii, hooldus ja remont\" \/>\n<meta property=\"og:description\" content=\"Garantii, hooldus ja remont\" \/>\n<meta property=\"og:url\" content=\"https:\/\/bullerjanid.ee\/fi\/garantii-hooldus-ja-remont\/\" \/>\n<meta property=\"og:site_name\" content=\"Bullerjanid.ee\" \/>\n<meta property=\"article:modified_time\" content=\"2024-06-03T10:58:09+00:00\" \/>\n<meta name=\"twitter:card\" content=\"summary_large_image\" \/>\n<meta name=\"twitter:label1\" content=\"Arvioitu lukuaika\" \/>\n\t<meta name=\"twitter:data1\" content=\"2 minuuttia\" \/>\n<script type=\"application\/ld+json\" class=\"yoast-schema-graph\">{\"@context\":\"https:\\\/\\\/schema.org\",\"@graph\":[{\"@type\":\"WebPage\",\"@id\":\"https:\\\/\\\/bullerjanid.ee\\\/garantii-hooldus-ja-remont\\\/\",\"url\":\"https:\\\/\\\/bullerjanid.ee\\\/garantii-hooldus-ja-remont\\\/\",\"name\":\"Bullerjanid.ee - Garantii, hooldus ja remont\",\"isPartOf\":{\"@id\":\"https:\\\/\\\/bullerjanid.ee\\\/#website\"},\"datePublished\":\"2024-06-03T10:57:39+00:00\",\"dateModified\":\"2024-06-03T10:58:09+00:00\",\"description\":\"Garantii, hooldus ja remont\",\"breadcrumb\":{\"@id\":\"https:\\\/\\\/bullerjanid.ee\\\/garantii-hooldus-ja-remont\\\/#breadcrumb\"},\"inLanguage\":\"fi\",\"potentialAction\":[{\"@type\":\"ReadAction\",\"target\":[\"https:\\\/\\\/bullerjanid.ee\\\/garantii-hooldus-ja-remont\\\/\"]}]},{\"@type\":\"BreadcrumbList\",\"@id\":\"https:\\\/\\\/bullerjanid.ee\\\/garantii-hooldus-ja-remont\\\/#breadcrumb\",\"itemListElement\":[{\"@type\":\"ListItem\",\"position\":1,\"name\":\"Home\",\"item\":\"https:\\\/\\\/bullerjanid.ee\\\/\"},{\"@type\":\"ListItem\",\"position\":2,\"name\":\"Garantii, hooldus ja remont\"}]},{\"@type\":\"WebSite\",\"@id\":\"https:\\\/\\\/bullerjanid.ee\\\/#website\",\"url\":\"https:\\\/\\\/bullerjanid.ee\\\/\",\"name\":\"Bullerjanid.ee - Bullerjan ja bulder t\u00fc\u00fcpi ahjud\",\"description\":\"Bullerjan t\u00fc\u00fcpi ahjude m\u00fc\u00fck\",\"potentialAction\":[{\"@type\":\"SearchAction\",\"target\":{\"@type\":\"EntryPoint\",\"urlTemplate\":\"https:\\\/\\\/bullerjanid.ee\\\/?s={search_term_string}\"},\"query-input\":{\"@type\":\"PropertyValueSpecification\",\"valueRequired\":true,\"valueName\":\"search_term_string\"}}],\"inLanguage\":\"fi\"}]}<\/script>\n<!-- \/ Yoast SEO plugin. -->","yoast_head_json":{"title":"Bullerjanid.ee - Garantii, hooldus ja remont","description":"Garantii, hooldus ja remont","robots":{"index":"index","follow":"follow","max-snippet":"max-snippet:-1","max-image-preview":"max-image-preview:large","max-video-preview":"max-video-preview:-1"},"canonical":"https:\/\/bullerjanid.ee\/fi\/garantii-hooldus-ja-remont\/","og_locale":"fi_FI","og_type":"article","og_title":"Bullerjanid.ee - Garantii, hooldus ja remont","og_description":"Garantii, hooldus ja remont","og_url":"https:\/\/bullerjanid.ee\/fi\/garantii-hooldus-ja-remont\/","og_site_name":"Bullerjanid.ee","article_modified_time":"2024-06-03T10:58:09+00:00","twitter_card":"summary_large_image","twitter_misc":{"Arvioitu lukuaika":"2 minuuttia"},"schema":{"@context":"https:\/\/schema.org","@graph":[{"@type":"WebPage","@id":"https:\/\/bullerjanid.ee\/garantii-hooldus-ja-remont\/","url":"https:\/\/bullerjanid.ee\/garantii-hooldus-ja-remont\/","name":"Bullerjanid.ee - Garantii, hooldus ja remont","isPartOf":{"@id":"https:\/\/bullerjanid.ee\/#website"},"datePublished":"2024-06-03T10:57:39+00:00","dateModified":"2024-06-03T10:58:09+00:00","description":"Garantii, hooldus ja remont","breadcrumb":{"@id":"https:\/\/bullerjanid.ee\/garantii-hooldus-ja-remont\/#breadcrumb"},"inLanguage":"fi","potentialAction":[{"@type":"ReadAction","target":["https:\/\/bullerjanid.ee\/garantii-hooldus-ja-remont\/"]}]},{"@type":"BreadcrumbList","@id":"https:\/\/bullerjanid.ee\/garantii-hooldus-ja-remont\/#breadcrumb","itemListElement":[{"@type":"ListItem","position":1,"name":"Home","item":"https:\/\/bullerjanid.ee\/"},{"@type":"ListItem","position":2,"name":"Garantii, hooldus ja remont"}]},{"@type":"WebSite","@id":"https:\/\/bullerjanid.ee\/#website","url":"https:\/\/bullerjanid.ee\/","name":"Bullerjanid.ee - Bullerjan ja bulder t\u00fc\u00fcpi ahjud","description":"Bullerjan t\u00fc\u00fcpi ahjude m\u00fc\u00fck","potentialAction":[{"@type":"SearchAction","target":{"@type":"EntryPoint","urlTemplate":"https:\/\/bullerjanid.ee\/?s={search_term_string}"},"query-input":{"@type":"PropertyValueSpecification","valueRequired":true,"valueName":"search_term_string"}}],"inLanguage":"fi"}]}},"jetpack_sharing_enabled":true,"_links":{"self":[{"href":"https:\/\/bullerjanid.ee\/fi\/wp-json\/wp\/v2\/pages\/1256","targetHints":{"allow":["GET"]}}],"collection":[{"href":"https:\/\/bullerjanid.ee\/fi\/wp-json\/wp\/v2\/pages"}],"about":[{"href":"https:\/\/bullerjanid.ee\/fi\/wp-json\/wp\/v2\/types\/page"}],"author":[{"embeddable":true,"href":"https:\/\/bullerjanid.ee\/fi\/wp-json\/wp\/v2\/users\/1"}],"replies":[{"embeddable":true,"href":"https:\/\/bullerjanid.ee\/fi\/wp-json\/wp\/v2\/comments?post=1256"}],"version-history":[{"count":1,"href":"https:\/\/bullerjanid.ee\/fi\/wp-json\/wp\/v2\/pages\/1256\/revisions"}],"predecessor-version":[{"id":1257,"href":"https:\/\/bullerjanid.ee\/fi\/wp-json\/wp\/v2\/pages\/1256\/revisions\/1257"}],"wp:attachment":[{"href":"https:\/\/bullerjanid.ee\/fi\/wp-json\/wp\/v2\/media?parent=1256"}],"curies":[{"name":"wp","href":"https:\/\/api.w.org\/{rel}","templated":true}]}}